{"id":1551,"date":"2020-06-05T11:13:12","date_gmt":"2020-06-05T11:13:12","guid":{"rendered":"https:\/\/cartadigitalpantallazo.es\/?page_id=1551"},"modified":"2023-03-30T07:02:33","modified_gmt":"2023-03-30T07:02:33","slug":"carta-el-castillo","status":"publish","type":"page","link":"https:\/\/cartadigitalpantallazo.es\/en\/carta-el-castillo\/","title":{"rendered":"Letter El Castillo"},"content":{"rendered":"<section class=\"wpb-content-wrapper\"><div class=\"vc_row wpb_row vc_row-fluid\"><div class=\"wpb_column vc_column_container vc_col-sm-12\"><div class=\"wpb_wrapper\">\n\t<div class=\"wpb_raw_code wpb_content_element wpb_raw_html\" >\n\t\t<div class=\"wpb_wrapper\">\n\t\t\t<center><img src=\"https:\/\/cartadigitalpantallazo.es\/wp-content\/uploads\/2020\/06\/LOGO-2.png\" style=\"max-width: 100%; height: auto;\">\n\t\t<\/div>\n\t<\/div>\n<h1 style=\"font-size: 36px;color: #870000;text-align: center;font-family:Lobster;font-weight:400;font-style:normal\" class=\"vc_custom_heading\" >Digital Letter<\/h1>\n\t<div class=\"wpb_text_column wpb_content_element\" >\n\t\t<div class=\"wpb_wrapper\">\n\t\t\t<p style=\"text-align: center;\"><i class=\"fas fa-map-marker-alt\"><\/i><span style=\"color: #fff;\"> Av.de Mijas, 24<\/span> <i class=\"fas fa-phone style=\"><\/i> <span style=\"color: #fff;\">657 28 41 99<\/span><\/p>\n\n\t\t<\/div>\n\t<\/div>\n<div class=\"vc_empty_space\"   style=\"height: 22px\"><span class=\"vc_empty_space_inner\"><\/span><\/div><\/div><\/div><\/div><div class=\"vc_row wpb_row vc_row-fluid\"><div class=\"wpb_column vc_column_container vc_col-sm-12\"><div class=\"wpb_wrapper\"><a class=\"re-action-button\" href=\"\" title=\"A service of \u20ac0.50 per person will be charged\">A service of \u20ac0.50 per person will be charged<\/a><div class=\"vc_empty_space\"   style=\"height: 22px\"><span class=\"vc_empty_space_inner\"><\/span><\/div><a class=\"re-action-button\" href=\"\" title=\"Separate accounts will not be charged\">Separate accounts will not be charged<\/a>\n\t<div class=\"wpb_text_column wpb_content_element\" >\n\t\t<div class=\"wpb_wrapper\">\n\t\t\t<div id=\"accordions-1553\" class=\"accordions-1553 accordions\">\r\n                <div id=\"accordions-lazy-1553\" class=\"accordions-lazy\">\r\n                    <\/div>\r\n        <script>\r\n            (function($) {\r\n                $(window).on(\"load\", function() {\r\n                    $('#accordions-lazy-1553').fadeOut();\r\n                    $('#accordions-1553   .items').fadeIn();\r\n                })\r\n            })(jQuery);\r\n        <\/script><style type='text\/css'>\r\n        @media only screen and (min-width: 1024px) {\r\n            #accordions-1553 {\r\n                width: 100%;\r\n                            }\r\n        }\r\n\r\n        @media only screen and (min-width: 768px) and (max-width: 1023px) {\r\n            #accordions-1553 {\r\n                width: 100%;\r\n                            }\r\n        }\r\n\r\n        @media only screen and (min-width: 0px) and (max-width: 767px) {\r\n            #accordions-1553 {\r\n                width: 100%;\r\n                            }\r\n        }\r\n\r\n        #accordions-1553 .items {\r\n            display: none;\r\n        }\r\n\r\n        #accordions-1553 .accordions-lazy {\r\n            text-align: center;\r\n            position: absolute;\r\n            top: 50%;\r\n            left: 50%;\r\n            transform: translate(-50%, -50%);\r\n        }\r\n\r\n        #accordions-1553 {\r\n            text-align: left;\r\n            background: #000000 url() repeat scroll 0 0;\r\n            position: relative;\r\n        }\r\n\r\n        #accordions-1553 .accordions-head {\r\n            background: #870000 none repeat scroll 0 0;\r\n            margin: 10px;\r\n            padding: 10px;\r\n            outline: none;\r\n        }\r\n\r\n        #accordions-1553 .accordions-head-title {\r\n            font-family: Amaranth;\r\n            color: #ffffff;\r\n            font-size: 24px;\r\n                    }\r\n\r\n        #accordions-1553 .accordions-head-title-toggle {\r\n            color: #ffffff;\r\n            font-size: 24px;\r\n                    }\r\n\r\n        #accordions-1553 .accordions-head:hover .accordions-head-title {\r\n            color: #ffffff;\r\n                    }\r\n\r\n        #accordions-1553 .ui-state-active {\r\n            background: #870000;\r\n            border: none;\r\n        }\r\n\r\n        #accordions-1553 .accordion-content {\r\n            font-family: amaranth;\r\n            background: #ffffff none repeat scroll 0 0;\r\n            color: #870000;\r\n            font-size: 18px;\r\n            border: none;\r\n        }\r\n\r\n        #accordions-1553 .accordion-icons {\r\n            color: #ffffff;\r\n            font-size: 14px;\r\n            padding: 10px;\r\n            margin: 5px;\r\n                    }\r\n\r\n        #accordions-1553 .accordions-head:hover .accordion-icons span {\r\n            color: #ffffff;\r\n                    }\r\n\r\n            <\/style>\r\n<div class=\"items\">\r\n                        <div post_id=\"1553\" itemcount=\"0\"  header_id=\"header-1589709651433\" id=\"header-1589709651433\" style=\"\" class=\"accordions-head head1589709651433 shadow-bottom-right border-semi-round\" toggle-text=\"\" main-text=\"Ensaladas\">\r\n                                            <span id=\"accordion-icons-1589709651433\" class=\"accordion-icons\">\r\n                            <span class=\"accordion-icon-active accordion-plus\"><i class=\"fas fa-plus\"><\/i><\/span>\r\n                            <span class=\"accordion-icon-inactive accordion-minus\"><i class=\"fas fa-minus\"><\/i><\/span>\r\n                        <\/span>\r\n                        <span id=\"header-text-1589709651433\" class=\"accordions-head-title\">Salads<\/span>\r\n                                    <\/div>\r\n                <div class=\"accordion-content content1589709651433 border-none\">\r\n                    <table style=\"width: 100%\">\r\n<tbody>\r\n<tr>\r\n<td style=\"width: 70%;text-align: left\"><\/td>\r\n<td style=\"width: 15%;text-align: right\"><\/td>\r\n<td style=\"width: 15%;text-align: right\"><strong>Ration<\/strong><\/td>\r\n<\/tr>\r\n<\/tbody>\r\n<\/table>\r\n<table style=\"width: 100%\">\r\n<tbody>\r\n<tr>\r\n<td style=\"width: 70%;text-align: left\"><strong>Cease <\/strong><em>lettuce, chicken, bacon, cheese, croutons and caesar sauce <span style=\"color: #800000\">A: 1,2,4,5,10,13<\/span><\/em><\/td>\r\n<td style=\"width: 15%;text-align: right\"><\/td>\r\n<td style=\"width: 15%;text-align: right\">12,00\u20ac<\/td>\r\n<\/tr>\r\n<\/tbody>\r\n<\/table>                <\/div>\r\n                        <div post_id=\"1553\" itemcount=\"1\"  header_id=\"header-1589873744479\" id=\"header-1589873744479\" style=\"\" class=\"accordions-head head1589873744479 shadow-bottom-right border-semi-round\" toggle-text=\"\" main-text=\"Para Abrir Boca\">\r\n                                            <span id=\"accordion-icons-1589873744479\" class=\"accordion-icons\">\r\n                            <span class=\"accordion-icon-active accordion-plus\"><i class=\"fas fa-plus\"><\/i><\/span>\r\n                            <span class=\"accordion-icon-inactive accordion-minus\"><i class=\"fas fa-minus\"><\/i><\/span>\r\n                        <\/span>\r\n                        <span id=\"header-text-1589873744479\" class=\"accordions-head-title\">To Open Mouth<\/span>\r\n                                    <\/div>\r\n                <div class=\"accordion-content content1589873744479 border-none\">\r\n                    <table style=\"width: 100%\">\r\n<tbody>\r\n<tr>\r\n<td style=\"width: 60%;text-align: left\"><strong><strong><span style=\"color: #ff0000\">NEW!!<\/span> Mushroom empanada <\/strong><\/strong><em>assorted mushrooms, leek and truffle\u00a0<span style=\"color: #800000\">A:?<\/span>\r\n<\/em><\/td>\r\n<td style=\"width: 40%;text-align: right\"><\/td>\r\n<td style=\"width: 15%;text-align: right\"><span style=\"color: #800000\">4.50\u20ac each.<\/span><\/td>\r\n<\/tr>\r\n<tr>\r\n<td style=\"width: 70%;text-align: left\"><strong>Teque\u00f1os Assortment<\/strong> <em>5 different flavors and handmade 100%\u00a0<\/em><\/td>\r\n<td style=\"width: 15%;text-align: right\"><\/td>\r\n<td style=\"width: 15%;text-align: right\"><span style=\"color: #800000\">10,00\u20ac<\/span><\/td>\r\n<\/tr>\r\n<\/tbody>\r\n<tbody>\r\n<tr>\r\n<td style=\"width: 70%;text-align: left\"><strong><span style=\"color: #000000\">Prawns Kimchi\u00a0<\/span><\/strong><\/td>\r\n<td style=\"width: 15%;text-align: right\"><\/td>\r\n<td style=\"width: 15%;text-align: right\">9,00\u20ac<\/td>\r\n<\/tr>\r\n<tr>\r\n<td style=\"width: 70%;text-align: left\"><strong>Home-made croquettes<\/strong>\u00a0<span style=\"color: #800000\"><em>accompanied by homemade ali-oli A: 1, 5, 6, 9, 10, 13<\/em><\/span><\/td>\r\n<td style=\"width: 15%;text-align: right\"><span style=\"color: #800000\">6,50\u20ac<\/span><\/td>\r\n<td style=\"width: 15%;text-align: right\"><span style=\"color: #800000\">11,50\u20ac<\/span><\/td>\r\n<\/tr>\r\n<tr>\r\n<td style=\"width: 70%;text-align: left\"><strong>Little castles 6 units. <\/strong><span style=\"color: #800000\"><em>bread fleas, pork fillet, serrano ham and ali-oli A: 1, 5, 10, 13<\/em><\/span><\/td>\r\n<td style=\"width: 15%;text-align: right\"><span style=\"color: #800000\">9,50\u20ac<\/span><\/td>\r\n<td style=\"width: 15%;text-align: right\"><\/td>\r\n<\/tr>\r\n<tr>\r\n<td style=\"width: 70%;text-align: left\"><strong>Fried Camembert\u00a0<\/strong><span style=\"color: #800000\"><em>fried cheese and strawberry jam A: 1, 5, 13<\/em><\/span><\/td>\r\n<td style=\"width: 15%;text-align: right\"><\/td>\r\n<td style=\"width: 15%;text-align: right\"><span style=\"color: #800000\">7,00\u20ac<\/span><\/td>\r\n<\/tr>\r\n<tr>\r\n<td style=\"width: 70%;text-align: left\"><strong>Mini burger\u00a0<\/strong><span style=\"color: #800000\"><em>bread, beef, cheese, bacon, lettuce, tomato and onion A: 1, 3, 4, 5, 6, 8, 9, 10, 13<\/em><\/span><\/td>\r\n<td style=\"width: 15%;text-align: right\"><\/td>\r\n<td style=\"width: 15%;text-align: right\"><span style=\"color: #800000\">4,00\u20ac<\/span>\r\n<span style=\"color: #800000\">und.<\/span><\/td>\r\n<\/tr>\r\n<tr>\r\n<td style=\"width: 70%;text-align: left\"><strong>Smoked nachos<\/strong>\u00a0<span style=\"color: #800000\"><em>Tex-Mex Doritos, jalape\u00f1os, 2 types of cheese, shredded ribeye with homemade BBQ sauce, guacamole A: 5, 8, 10, 13<\/em><\/span><\/td>\r\n<td style=\"width: 15%;text-align: right\"><\/td>\r\n<td style=\"width: 15%;text-align: right\"><span style=\"color: #800000\">12,50\u20ac<\/span><\/td>\r\n<\/tr>\r\n<tr>\r\n<td style=\"width: 70%;text-align: left\"><strong>Cheddar Potatoes + Bacon<\/strong>\u00a0<span style=\"color: #800000\"><em>French fries, crispy bacon, 2 types of cheese, tartar sauce A: 1, 5, 7, 10, 12<\/em><\/span><\/td>\r\n<td style=\"width: 15%;text-align: right\"><\/td>\r\n<td style=\"width: 15%;text-align: right\"><span style=\"color: #800000\">11,00\u20ac<\/span><\/td>\r\n<\/tr>\r\n<tr>\r\n<td style=\"width: 70%;text-align: left\"><strong>Tosta Campera<\/strong> <em>pork fillet, manchego cheese, quail egg, moreado garlic and ali-oli <span style=\"color: #800000\">A: 1,5,10,13<\/span><\/em><\/td>\r\n<td style=\"width: 15%;text-align: right\">9,50\u20ac<\/td>\r\n<\/tr>\r\n<\/tbody>\r\n<\/table>                <\/div>\r\n                        <div post_id=\"1553\" itemcount=\"2\"  header_id=\"header-1589795999827\" id=\"header-1589795999827\" style=\"\" class=\"accordions-head head1589795999827 shadow-bottom-right border-semi-round\" toggle-text=\"\" main-text=\"Carnes a la Brasa\">\r\n                                            <span id=\"accordion-icons-1589795999827\" class=\"accordion-icons\">\r\n                            <span class=\"accordion-icon-active accordion-plus\"><i class=\"fas fa-plus\"><\/i><\/span>\r\n                            <span class=\"accordion-icon-inactive accordion-minus\"><i class=\"fas fa-minus\"><\/i><\/span>\r\n                        <\/span>\r\n                        <span id=\"header-text-1589795999827\" class=\"accordions-head-title\">Grilled meats<\/span>\r\n                                    <\/div>\r\n                <div class=\"accordion-content content1589795999827 border-none\">\r\n                    <table style=\"width: 100%\">\r\n<tbody>\r\n<tr>\r\n<td style=\"width: 70%;text-align: left\"><strong>Chicken breast\u00a0<\/strong>\r\nMarinated with our homemade seasoning and cooked over embers. Accompanied by homemade fries and salad. <em><span style=\"color: #800000\">A:1,4,5,6,7,8,10,13<\/span><\/em><\/td>\r\n<td style=\"width: 15%;text-align: right\">12,50\u20ac<\/td>\r\n<\/tr>\r\n<tr>\r\n<td style=\"width: 70%;text-align: left\"><strong>Pork Rack\u00a0 \u00a0 \u00a0 \u00a0 \u00a0 \u00a0 \u00a0 \u00a0 \u00a0 \u00a0 \u00a0\u00a0<\/strong>\r\n<em>Cooked over low heat for 4 hours and glazed in a charcoal oven with homemade BBQ sauce. Accompanied by homemade fries and salsa <span style=\"color: #800000\">A:1,4,5,6,7,8,10,13<\/span><\/em><\/td>\r\n<td style=\"width: 15%;text-align: right\">18,00\u20ac<\/td>\r\n<\/tr>\r\n<\/tbody>\r\n<\/table>                <\/div>\r\n                        <div post_id=\"1553\" itemcount=\"3\"  header_id=\"header-1589735613161\" id=\"header-1589735613161\" style=\"\" class=\"accordions-head head1589735613161 shadow-bottom-right border-semi-round\" toggle-text=\"\" main-text=\"Burgers\">\r\n                                            <span id=\"accordion-icons-1589735613161\" class=\"accordion-icons\">\r\n                            <span class=\"accordion-icon-active accordion-plus\"><i class=\"fas fa-plus\"><\/i><\/span>\r\n                            <span class=\"accordion-icon-inactive accordion-minus\"><i class=\"fas fa-minus\"><\/i><\/span>\r\n                        <\/span>\r\n                        <span id=\"header-text-1589735613161\" class=\"accordions-head-title\">Burgers<\/span>\r\n                                    <\/div>\r\n                <div class=\"accordion-content content1589735613161 border-none\">\r\n                    <table style=\"width: 100%\">\r\n<tbody>\r\n<tr>\r\n<td style=\"width: 60%;text-align: left\"><strong><strong>Alhaboca <\/strong><\/strong><em>artisanal brioche bread, <span style=\"font-family: inherit;font-size: inherit\">200g beef tenderloin, q<\/span>fresh goat&#039;s bone, caramelized onion with rosemary honey, mango chutney. <span style=\"color: #800000\">A:1,2,3,4,5,6,7,8,9,10,11,12,13,14<\/span>\r\n<\/em><\/td>\r\n<td style=\"width: 40%;text-align: right\">13,50\u20ac<\/td>\r\n<\/tr>\r\n<tr>\r\n<td style=\"width: 60%;text-align: left\"><strong><strong>Emmy <\/strong><\/strong><em>200g chuck loin, cheddar and edam cheese, pickles, caramelized onions, original Emmy sauce \u00a0<span style=\"color: #800000\">A:1,2,3,4,5,6,7,8,9,10,11,12,13,14<\/span>\r\n<\/em><\/td>\r\n<td style=\"width: 40%;text-align: right\">14,00\u20ac<\/td>\r\n<\/tr>\r\n<tr>\r\n<td style=\"width: 60%;text-align: left\"><strong>Mahoney<span style=\"color: #ff0000\">\u00a0<\/span><\/strong><em>Brioche bread, 200g beef tenderloin, cheddar and Edam cheese, maple syrup bacon, candied peanuts, smoked Big Mac sauce. <span style=\"color: #800000\">A:1,2,3,4,5,6,7,8,9,10,11,12,13,14<\/span>\r\n<\/em><\/td>\r\n<td style=\"width: 40%;text-align: right\">14,00\u20ac<\/td>\r\n<\/tr>\r\n<tr>\r\n<td style=\"width: 60%;text-align: left\"><strong>the truffle\u00a0<\/strong><em>Brioche bread, cheddar and Edam cheese, 200g beef tenderloin, grated duck micuit, fried onions, Tartufata sauce, saut\u00e9ed mushrooms bathed in egg yolk. <span style=\"color: #800000\">A:1,2,3,4,5,6,7,8,9,10,11,12,13,14<\/span>\r\n<\/em><\/td>\r\n<td style=\"width: 40%;text-align: right\">17,00\u20ac<\/td>\r\n<\/tr>\r\n<tr>\r\n<td style=\"width: 60%;text-align: left\"><strong>Mr Pickles<span style=\"color: #ff0000\">\u00a0<\/span><\/strong><em>Brioche bread, English cheddar and Edam cheese, 200g beef tenderloin, crispy bacon, sweet and sour pickles, fresh onion, homemade American BBQ sauce, mustard mayonnaise and pickles. <span style=\"color: #800000\">A:1,3,4,5,6,8,9,10,13<\/span>\r\n<\/em><\/td>\r\n<td style=\"width: 40%;text-align: right\">13,50\u20ac<\/td>\r\n<\/tr>\r\n<tr>\r\n<td style=\"width: 60%;text-align: left\"><strong>Steakhouse <\/strong><em>brioche bread, 200 gr.<\/em> <em>Beef, bacon, cheddar and Edam cheese, tomato, caramelized onion, Byron sauce <span style=\"color: #800000\">A:1,3,4,5,6,8,9,10,13<\/span><\/em><\/td>\r\n<td style=\"width: 40%;text-align: right\">12,50\u20ac<\/td>\r\n<\/tr>\r\n<tr>\r\n<td style=\"width: 60%;text-align: left\"><strong>Chicken <\/strong><em>Brioche bread, grilled chicken breast, Eddam and cheddar cheese, tomato, red onion, Byron sauce <span style=\"color: #800000\">A:1,3,4,5,6,8,9,10,13<\/span><\/em><\/td>\r\n<td style=\"width: 40%;text-align: right\">10,00\u20ac<\/td>\r\n<\/tr>\r\n<tr>\r\n<td style=\"width: 60%;text-align: left\"><strong>CostiBurger <\/strong><em>Brioche bun, shredded pork ribs, bacon chips, cheddar and Edam cheese, homemade BBQ sauce, crispy fried onions <span style=\"color: #800000\">A:1,3,4,5,6,8,9,10,13<\/span><\/em><\/td>\r\n<td style=\"width: 40%;text-align: right\">13,50\u20ac<\/td>\r\n<\/tr>\r\n<tr>\r\n<td style=\"width: 60%;text-align: left\"><strong>Mexican <\/strong><em>Brioche bread, 200g beef, cheddar and Edam cheese, jalape\u00f1os, guacamole, fried onions, Tex-Mex Doritos <span style=\"color: #800000\">A:1,3,4,5,6,8,9,10,13<\/span><\/em><\/td>\r\n<td style=\"width: 40%;text-align: right\">13,50\u20ac<\/td>\r\n<\/tr>\r\n<tr>\r\n<td style=\"width: 60%;text-align: left\"><strong>Royal Cheese<\/strong> <em>Brioche bread, 200g beef chuck, cheddar and Edam cheese, panko-coated Camembert disc, homemade strawberry jam, bacon mayonnaise <span style=\"color: #800000\">A:1,3,4,5,6,8,9,10,13<\/span><\/em><\/td>\r\n<td style=\"width: 40%;text-align: right\">14,00\u20ac<\/td>\r\n<\/tr>\r\n<tr>\r\n<td style=\"width: 60%;text-align: left\"><strong>50\/50<\/strong> <em>brioche bread, 200 gr. beef, shredded pork ribs, 3 types of cheese, caramelized onion, pickles, byron sauce, BBQ sauce <span style=\"color: #800000\">A:1,3,4,5,6,8,9,10,13<\/span><\/em><\/td>\r\n<td style=\"width: 40%;text-align: right\">18,00\u20ac<\/td>\r\n<\/tr>\r\n<tr>\r\n<td style=\"width: 60%;text-align: left\"><strong>The Tobalica<\/strong> <em>Brioche bread, 200g beef chuck, fried onions, bacon bits, cheddar and Edam cheese, cheddar cheese sauce <span style=\"color: #800000\">A:1,3,4,5,6,8,9,10,13<\/span><\/em><\/td>\r\n<td style=\"width: 40%;text-align: right\">13,00\u20ac<\/td>\r\n<\/tr>\r\n<tr>\r\n<td style=\"width: 60%;text-align: left\"><strong>beeeehgetariana<\/strong> <em>Brioche bread, Byron sauce, cheddar and Edam cheese, breaded Camembert cheese, Batavia lettuce, tomato, grilled red onion <span style=\"color: #800000\">A:1,3,4,5,6,8,9,10,13<\/span><\/em><\/td>\r\n<td style=\"width: 40%;text-align: right\">11,00\u20ac<\/td>\r\n<\/tr>\r\n<\/tbody>\r\n<\/table>\r\nAll our burgers come with fries and Byron sauce. *If the burger is to go, the sauce is not included.                <\/div>\r\n                        <div post_id=\"1553\" itemcount=\"4\"  header_id=\"header-1589796527059\" id=\"header-1589796527059\" style=\"\" class=\"accordions-head head1589796527059 shadow-bottom-right border-semi-round\" toggle-text=\"\" main-text=\"Salsas\">\r\n                                            <span id=\"accordion-icons-1589796527059\" class=\"accordion-icons\">\r\n                            <span class=\"accordion-icon-active accordion-plus\"><i class=\"fas fa-plus\"><\/i><\/span>\r\n                            <span class=\"accordion-icon-inactive accordion-minus\"><i class=\"fas fa-minus\"><\/i><\/span>\r\n                        <\/span>\r\n                        <span id=\"header-text-1589796527059\" class=\"accordions-head-title\">Sauces<\/span>\r\n                                    <\/div>\r\n                <div class=\"accordion-content content1589796527059 border-none\">\r\n                    <table style=\"width: 100%\">\r\n<tbody>\r\n<tr>\r\n<td style=\"width: 70%;text-align: left\"><span style=\"color: #000000\">Barbecue sauce\u00a0<\/span><\/td>\r\n<td style=\"width: 15%;text-align: right\"><span style=\"color: #870000\">1,50\u20ac<\/span><\/td>\r\n<\/tr>\r\n<tr>\r\n<td style=\"width: 70%;text-align: left\"><span style=\"color: #000000\">Sweet Barbecue Sauce<\/span><\/td>\r\n<td style=\"width: 15%;text-align: right\"><span style=\"color: #870000\">1,50\u20ac<\/span><\/td>\r\n<\/tr>\r\n<tr>\r\n<td style=\"width: 70%;text-align: left\"><span style=\"color: #000000\">Salsa Brava<\/span><\/td>\r\n<td style=\"width: 15%;text-align: right\"><span style=\"color: #870000\">1,50\u20ac<\/span><\/td>\r\n<\/tr>\r\n<tr>\r\n<td style=\"width: 70%;text-align: left\"><span style=\"color: #000000\">Cheddar Sauce\u00a0<\/span><\/td>\r\n<td style=\"width: 15%;text-align: right\"><span style=\"color: #870000\">1,50\u20ac<\/span><\/td>\r\n<\/tr>\r\n<tr>\r\n<td style=\"width: 70%;text-align: left\"><span style=\"color: #000000\">Bacon Sauce\u00a0<\/span><\/td>\r\n<td style=\"width: 15%;text-align: right\"><span style=\"color: #870000\">1,50\u20ac<\/span><\/td>\r\n<\/tr>\r\n<tr>\r\n<td style=\"width: 70%;text-align: left\"><span style=\"color: #000000\">Big Mac Sauce\u00a0<\/span><\/td>\r\n<td style=\"width: 15%;text-align: right\"><span style=\"color: #870000\">1,50\u20ac<\/span><\/td>\r\n<\/tr>\r\n<tr>\r\n<td style=\"width: 70%;text-align: left\"><span style=\"color: #000000\">Smoked Sauce\u00a0<\/span><\/td>\r\n<td style=\"width: 15%;text-align: right\"><span style=\"color: #870000\">1,50\u20ac<\/span><\/td>\r\n<\/tr>\r\n<tr>\r\n<td style=\"width: 70%;text-align: left\"><span style=\"color: #000000\">Bayron Sauce<\/span><\/td>\r\n<td style=\"width: 15%;text-align: right\"><span style=\"color: #870000\">1,50\u20ac<\/span><\/td>\r\n<\/tr>\r\n<tr>\r\n<td style=\"width: 70%;text-align: left\"><span style=\"color: #000000\">Remedy Sauce\u00a0<\/span><\/td>\r\n<td style=\"width: 15%;text-align: right\"><span style=\"color: #870000\">1,50\u20ac<\/span><\/td>\r\n<\/tr>\r\n<\/tbody>\r\n<\/table>                <\/div>\r\n            <\/div>\r\n    <script>\r\n        (function($) {\r\n\r\n            $(document).ready(function() {\r\n                accordions_active_index_1553 = [];\r\n                        })\r\n        })(jQuery);\r\n    <\/script>    <script>\r\n        (function($) {\r\n            $(document).ready(function() {\r\n                accordion_1553 = $(\"#accordions-1553 .items\").accordion({\r\n                    event: \"click\",\r\n                    collapsible: true,\r\n                    heightStyle: \"content\",\r\n                    animate: (\"swing\", 1000),\r\n                    navigation: true,\r\n                    active: 999,\r\n                                            beforeActivate: function(event, ui) {\r\n                            if (ui.newHeader[0] != undefined) {\r\n                                var disabled = ui.newHeader[0].getAttribute('disabled');\r\n                                console.log(disabled);\r\n                                if (disabled == 'disabled') {\r\n                                    event.preventDefault();\r\n                                }\r\n                            }\r\n                        },\r\n                                    });\r\n            })\r\n        })(jQuery);\r\n    <\/script>\r\n                <\/div>\n\n\t\t<\/div>\n\t<\/div>\n<div class=\"vc_empty_space\"   style=\"height: 32px\"><span class=\"vc_empty_space_inner\"><\/span><\/div><h2 style=\"color: #ffffff;text-align: left\" class=\"vc_custom_heading\" >Allergens<\/h2>\n\t<div class=\"wpb_raw_code wpb_content_element wpb_raw_html\" >\n\t\t<div class=\"wpb_wrapper\">\n\t\t\t<center><img src=\"https:\/\/cartadigitalpantallazo.es\/wp-content\/uploads\/2021\/06\/alergenos-1024x381_blanco.png\" style=\"max-width: 100%; height: auto;\">\n\t\t<\/div>\n\t<\/div>\n<\/div><\/div><\/div><div class=\"vc_row wpb_row vc_row-fluid\"><div class=\"wpb_column vc_column_container vc_col-sm-12\"><div class=\"wpb_wrapper\">\n\t<div class=\"wpb_text_column wpb_content_element\" >\n\t\t<div class=\"wpb_wrapper\">\n\t\t\t<p style=\"text-align: center;\"><span style=\"color: #ffffff;\">Design by<\/span> <span style=\"color: #00ccff;\"><a style=\"color: #00ccff;\" href=\"https:\/\/pantallazoazul.es\/\">Pantallazo Azul<\/a><\/span><\/p>\n\n\t\t<\/div>\n\t<\/div>\n<\/div><\/div><\/div>\n<\/section>","protected":false},"excerpt":{"rendered":"Carta Digital Av. de Mijas, 24 657 28 41 99 Se cobrar\u00e1 un servicio de 0,50\u20ac por personaNo se cobrar\u00e1n cuentas por separado Ensaladas Raci\u00f3n C\u00e9sar lechuga, pollo, bacon, queso, picatostes y salsa c\u00e9sar A:1,2,4,5,10,13 12,00\u20ac Para Abrir Boca \u00a1\u00a1NUEVA!! Empanadilla de setas setas variadas, puerro y trufa\u00a0A:? 4,50\u20ac und. Surtido de Teque\u00f1os 5 sabores","protected":false},"author":1,"featured_media":0,"parent":0,"menu_order":0,"comment_status":"closed","ping_status":"closed","template":"","meta":[],"_links":{"self":[{"href":"https:\/\/cartadigitalpantallazo.es\/en\/wp-json\/wp\/v2\/pages\/1551"}],"collection":[{"href":"https:\/\/cartadigitalpantallazo.es\/en\/wp-json\/wp\/v2\/pages"}],"about":[{"href":"https:\/\/cartadigitalpantallazo.es\/en\/wp-json\/wp\/v2\/types\/page"}],"author":[{"embeddable":true,"href":"https:\/\/cartadigitalpantallazo.es\/en\/wp-json\/wp\/v2\/users\/1"}],"replies":[{"embeddable":true,"href":"https:\/\/cartadigitalpantallazo.es\/en\/wp-json\/wp\/v2\/comments?post=1551"}],"version-history":[{"count":20,"href":"https:\/\/cartadigitalpantallazo.es\/en\/wp-json\/wp\/v2\/pages\/1551\/revisions"}],"predecessor-version":[{"id":3213,"href":"https:\/\/cartadigitalpantallazo.es\/en\/wp-json\/wp\/v2\/pages\/1551\/revisions\/3213"}],"wp:attachment":[{"href":"https:\/\/cartadigitalpantallazo.es\/en\/wp-json\/wp\/v2\/media?parent=1551"}],"curies":[{"name":"wp","href":"https:\/\/api.w.org\/{rel}","templated":true}]}}